{"id":76,"date":"2022-12-27T09:19:23","date_gmt":"2022-12-27T09:19:23","guid":{"rendered":"https:\/\/harmonie-orte.brandan.ch\/?page_id=76"},"modified":"2025-02-07T09:44:23","modified_gmt":"2025-02-07T09:44:23","slug":"gartengestaltung","status":"publish","type":"page","link":"https:\/\/harmonie-orte.brandan.ch\/?page_id=76","title":{"rendered":"Gartengestaltung"},"content":{"rendered":"<h1><img loading=\"lazy\" decoding=\"async\" class=\"alignleft\" src=\"https:\/\/brandan.ch\/harmonie_orte\/slider_garten.png\" width=\"400\" height=\"148\" \/>Energetische Gartengestaltung<\/h1>\n<p>&nbsp;<\/p>\n<p>Dein Garten ist ein lebendiger Organismus aus Pflanzen, Tieren und unsichtbaren Wesen. Durch eine entstehende Harmonie,(Harmonisierung der Elemente und Chakren) unterst\u00fctzt dich dein Garten in deinem sein, das Zusammenlebens mit Familie, Partner, Kinder, Wohngemeinschaften wie den Naturwesen in deinem Garten kann dadurch gef\u00f6rdert werden.<\/p>\n<p>&nbsp;<\/p>\n<p>Die Harmonie der Energien im Garten beeinflusst das Wohlf\u00fchlen und die Erholungskraft darin und die innere Qualit\u00e4t der Pflanzen, die in ihm wachsen. Er kann eine Oase bilden, die Ruhe und gl\u00fccklich sein in der Hektik des Alltags finden l\u00e4sst.<\/p>\n<p>&nbsp;<\/p>\n<p>Bei einer Gartengestaltung wird darauf geachtet, dass im Elemente- und Chakrenkreislauf die Balance hergestellt wird. Dar\u00fcber hinaus k\u00f6nnen alle Pflanzen einem sie unterst\u00fctzenden Ort zugeordnet werden.Dies kann bei <a href=\"https:\/\/harmonie-orte.brandan.ch\/?p=44\">Nahrungsmitteln<\/a> positiven Einfluss auf die Qualit\u00e4t haben. Auch jede Pflanze mag es, wenn sie die n\u00f6tige Aufmerksamkeit geschenkt bekommt, so hat auch dies wiederum Einfluss auf die Harmonie in ihrem Garten wie auf den Menschen selber.<\/p>\n<p>&nbsp;<\/p>\n<p>Zudem besteht die M\u00f6glichkeit, im Garten unterst\u00fctzende <a href=\"https:\/\/harmonie-orte.brandan.ch\/?p=48\">Kraftpl\u00e4tze<\/a> anzulegen. Zum Beispiel ein <a href=\"https:\/\/harmonie-orte.brandan.ch\/?p=48\">Kraftplatz<\/a> der inneren Ruhe und viele andere. So kann Gleichgewicht, Harmonie und Ausgeglichenheit im Garten entstehen, die zur Erholung beitr\u00e4gt.<\/p>\n<p>&nbsp;<\/p>\n<p><a href=\"https:\/\/garten.brandan.ch\" target=\"_blank\" rel=\"noopener\">Mehr zur Gartengestaltung findest Du hier<\/a><\/p>\n<p>&nbsp;<\/p>\n<h4>Preise<\/h4>\n<p>Nach Absprache.<\/p>\n<p>&nbsp;<\/p>\n<p>&nbsp;<\/p>\n","protected":false},"excerpt":{"rendered":"<p>Energetische Gartengestaltung &nbsp; Dein Garten ist ein lebendiger Organismus aus Pflanzen, Tieren und unsichtbaren Wesen. Durch eine entstehende Harmonie,(Harmonisierung der Elemente und Chakren) unterst\u00fctzt dich dein Garten in deinem sein, das Zusammenlebens mit Familie, Partner, Kinder, Wohngemeinschaften wie den Naturwesen in deinem Garten kann dadurch gef\u00f6rdert werden. &nbsp; Die Harmonie&#8230;<\/p>\n<p class=\"continue-reading-button\"> <a class=\"continue-reading-link\" href=\"https:\/\/harmonie-orte.brandan.ch\/?page_id=76\">Weiter lesen<i class=\"crycon-right-dir\"><\/i><\/a><\/p>\n","protected":false},"author":1,"featured_media":187,"parent":0,"menu_order":0,"comment_status":"closed","ping_status":"closed","template":"","meta":{"footnotes":""},"class_list":["post-76","page","type-page","status-publish","has-post-thumbnail","hentry"],"_links":{"self":[{"href":"https:\/\/harmonie-orte.brandan.ch\/index.php?rest_route=\/wp\/v2\/pages\/76","targetHints":{"allow":["GET"]}}],"collection":[{"href":"https:\/\/harmonie-orte.brandan.ch\/index.php?rest_route=\/wp\/v2\/pages"}],"about":[{"href":"https:\/\/harmonie-orte.brandan.ch\/index.php?rest_route=\/wp\/v2\/types\/page"}],"author":[{"embeddable":true,"href":"https:\/\/harmonie-orte.brandan.ch\/index.php?rest_route=\/wp\/v2\/users\/1"}],"replies":[{"embeddable":true,"href":"https:\/\/harmonie-orte.brandan.ch\/index.php?rest_route=%2Fwp%2Fv2%2Fcomments&post=76"}],"version-history":[{"count":21,"href":"https:\/\/harmonie-orte.brandan.ch\/index.php?rest_route=\/wp\/v2\/pages\/76\/revisions"}],"predecessor-version":[{"id":219,"href":"https:\/\/harmonie-orte.brandan.ch\/index.php?rest_route=\/wp\/v2\/pages\/76\/revisions\/219"}],"wp:featuredmedia":[{"embeddable":true,"href":"https:\/\/harmonie-orte.brandan.ch\/index.php?rest_route=\/wp\/v2\/media\/187"}],"wp:attachment":[{"href":"https:\/\/harmonie-orte.brandan.ch\/index.php?rest_route=%2Fwp%2Fv2%2Fmedia&parent=76"}],"curies":[{"name":"wp","href":"https:\/\/api.w.org\/{rel}","templated":true}]}}