{"id":66,"date":"2022-12-27T05:14:02","date_gmt":"2022-12-27T05:14:02","guid":{"rendered":"https:\/\/harmonie-orte.brandan.ch\/?page_id=66"},"modified":"2023-01-12T06:29:01","modified_gmt":"2023-01-12T06:29:01","slug":"orte","status":"publish","type":"page","link":"https:\/\/harmonie-orte.brandan.ch\/?page_id=66","title":{"rendered":"Orte"},"content":{"rendered":"<h1><img loading=\"lazy\" decoding=\"async\" class=\"alignleft\" src=\"https:\/\/brandan.ch\/harmonie_orte\/slider_orte.png\" width=\"400\" height=\"148\" \/>Energetische Orte<\/h1>\n<p>&nbsp;<\/p>\n<p>Die grunds\u00e4tzliche Eigen-Qualit\u00e4t eines Ortes wird gepr\u00e4gt vom <a href=\"https:\/\/harmonie-orte.brandan.ch\/?p=46\">Energienetz der Erde<\/a>. An jedem Ort sind zudem verschiedene <a href=\"https:\/\/harmonie-orte.brandan.ch\/?p=48\">Kraftpl\u00e4tze<\/a> mit unterschiedlichen Qualit\u00e4ten vorhanden. Normalerweise gibt es an jedem Ort einen Kraftplatz f\u00fcr Kommunikation, Inspiration und Umsetzung. An diesen Orten lassen sich leichter Impulse f\u00fcr die Zukunft finden. Viele andere individuelle Kraftpunkte, z.B. f\u00fcr Frieden erg\u00e4nzen die Ortsqualit\u00e4t.<\/p>\n<p>&nbsp;<\/p>\n<p>Oft ist der Fluss in diesem Energienetz oder an den Kraftpl\u00e4tzen gest\u00f6rt und dies belastet die Harmonie in einem Ort. Kriege, Unf\u00e4lle, unvorteilhafte Bauten, Streitereien und vieles mehr k\u00f6nnen solche St\u00f6rungen verursachen und das Wohlf\u00fchlen erschweren.<\/p>\n<p>&nbsp;<\/p>\n<p>Wir unterst\u00fctzen mit verschiedenen St\u00e4rken, die energetische Harmonie am Ort wieder herzustellen und zu aktivieren, so dass das Wohlf\u00fchlen und die allgemeine Gesundheit unterst\u00fctzt wird. Dabei ber\u00fccksichtigen wir die Bed\u00fcrfnisse der Menschen, der Tiere und der Wesen die an diesem Ort leben. So kann die St\u00e4rke des Ortes und seiner Bewohner wieder mehr ans Tageslicht kommen und gelebt werden. Die Unterschiedliche Pl\u00e4tze k\u00f6nnen dann beispielsweise zur Erholung, zur Inspiration oder zur konstruktiven Entscheidungsfindung genutzt werden.<\/p>\n","protected":false},"excerpt":{"rendered":"<p>Energetische Orte &nbsp; Die grunds\u00e4tzliche Eigen-Qualit\u00e4t eines Ortes wird gepr\u00e4gt vom Energienetz der Erde. An jedem Ort sind zudem verschiedene Kraftpl\u00e4tze mit unterschiedlichen Qualit\u00e4ten vorhanden. Normalerweise gibt es an jedem Ort einen Kraftplatz f\u00fcr Kommunikation, Inspiration und Umsetzung. An diesen Orten lassen sich leichter Impulse f\u00fcr die Zukunft finden. Viele&#8230;<\/p>\n<p class=\"continue-reading-button\"> <a class=\"continue-reading-link\" href=\"https:\/\/harmonie-orte.brandan.ch\/?page_id=66\">Weiter lesen<i class=\"crycon-right-dir\"><\/i><\/a><\/p>\n","protected":false},"author":1,"featured_media":188,"parent":0,"menu_order":0,"comment_status":"closed","ping_status":"closed","template":"","meta":{"footnotes":""},"class_list":["post-66","page","type-page","status-publish","has-post-thumbnail","hentry"],"_links":{"self":[{"href":"https:\/\/harmonie-orte.brandan.ch\/index.php?rest_route=\/wp\/v2\/pages\/66","targetHints":{"allow":["GET"]}}],"collection":[{"href":"https:\/\/harmonie-orte.brandan.ch\/index.php?rest_route=\/wp\/v2\/pages"}],"about":[{"href":"https:\/\/harmonie-orte.brandan.ch\/index.php?rest_route=\/wp\/v2\/types\/page"}],"author":[{"embeddable":true,"href":"https:\/\/harmonie-orte.brandan.ch\/index.php?rest_route=\/wp\/v2\/users\/1"}],"replies":[{"embeddable":true,"href":"https:\/\/harmonie-orte.brandan.ch\/index.php?rest_route=%2Fwp%2Fv2%2Fcomments&post=66"}],"version-history":[{"count":11,"href":"https:\/\/harmonie-orte.brandan.ch\/index.php?rest_route=\/wp\/v2\/pages\/66\/revisions"}],"predecessor-version":[{"id":161,"href":"https:\/\/harmonie-orte.brandan.ch\/index.php?rest_route=\/wp\/v2\/pages\/66\/revisions\/161"}],"wp:featuredmedia":[{"embeddable":true,"href":"https:\/\/harmonie-orte.brandan.ch\/index.php?rest_route=\/wp\/v2\/media\/188"}],"wp:attachment":[{"href":"https:\/\/harmonie-orte.brandan.ch\/index.php?rest_route=%2Fwp%2Fv2%2Fmedia&parent=66"}],"curies":[{"name":"wp","href":"https:\/\/api.w.org\/{rel}","templated":true}]}}